{"id":826,"date":"2021-10-07T05:16:30","date_gmt":"2021-10-07T05:16:30","guid":{"rendered":"https:\/\/themexriver.com\/wp\/fastrans\/?page_id=826"},"modified":"2024-10-10T11:09:40","modified_gmt":"2024-10-10T16:09:40","slug":"control-de-mercancia","status":"publish","type":"page","link":"https:\/\/guiatransportes.com\/web\/control-de-mercancia\/","title":{"rendered":"CONTROL DE MERCANC\u00cdAS"},"content":{"rendered":"\t\t<div data-elementor-type=\"wp-page\" data-elementor-id=\"826\" class=\"elementor elementor-826\">\n\t\t\t\t\t\t<section class=\"elementor-section elementor-top-section elementor-element elementor-element-06c71b2 elementor-section-full_width elementor-section-height-default elementor-section-height-default\" data-id=\"06c71b2\" data-element_type=\"section\">\n\t\t\t\t\t\t<div class=\"elementor-container elementor-column-gap-default\">\n\t\t\t\t\t<div class=\"elementor-column elementor-col-100 elementor-top-column elementor-element elementor-element-e880b22\" data-id=\"e880b22\" data-element_type=\"column\">\n\t\t\t<div class=\"elementor-widget-wrap elementor-element-populated\">\n\t\t\t\t\t\t<div class=\"elementor-element elementor-element-68d3af0 elementor-widget elementor-widget-fastrans_service_details\" data-id=\"68d3af0\" data-element_type=\"widget\" data-widget_type=\"fastrans_service_details.default\">\n\t\t\t\t<div class=\"elementor-widget-container\">\n\t\t\t\t\t\t\n    <!-- Start of Service details section\n\t============================================= -->\n\t<section id=\"ft-service-details\" class=\"ft-service-details-section page-padding\">\n\t\t<div class=\"container\">\n\t\t\t<div class=\"ft-service-details-content\">\n\t\t\t\t<div class=\"row\">\n\t\t\t\t\t                    <div class=\"col-lg-4\">\n\t\t\t\t\t\t<div class=\"ft-service-sidebar\">\n                        \t<div id=\"fastrans_service_sidebar-2\" class=\"service-widget sidebar-widget widget_fastrans_service_sidebar\">\n\t\t\t<!-- Instagram Widget -->\n\t\t\t<div class=\"ft-service-sidebar-widget headline ul-li-block\">\n\t\t\t\t<div class=\"service-category-widget\">\n\t\t\t\t\t<h3 class=\"widget-title\">Servicios<\/h3>\t\t\t\t\t<ul>\n\t\t\t\t\t\n\t\t\t\t<!-- Title -->\n\t\t\t\t\t\t\t\t<li><a href=\"https:\/\/guiatransportes.com\/web\/transporte-de-carga\/\">Transporte de carga<\/a><\/li>\n\t\t\t\t\t\t\t\t<li><a href=\"https:\/\/guiatransportes.com\/web\/control-de-mercancia\/\">Control de mercanc\u00eda<\/a><\/li>\n\t\t\t\t\t\t\t\t<li><a href=\"https:\/\/guiatransportes.com\/web\/acompanamiento-y-seguimiento\/\">Acompa\u00f1amiento y seguimiento<\/a><\/li>\n\t\t\t\t\t\t\t\t<li><a href=\"https:\/\/guiatransportes.com\/web\/proyectos-logisticos\/\">Proyectos log\u00edsticos<\/a><\/li>\n\t\t\t\t\n\t\t\t\t\t\t\t\t<\/ul>\n\t\t\t\t<\/div>\n\t\t\t<\/div>\n\n\t\t\t<\/div><div id=\"fastrans_support_form-2\" class=\"service-widget sidebar-widget widget_fastrans_support_form\">\n\t\t\t<div class=\"ft-service-sidebar-widget headline ul-li-block\">\n                <div class=\"service-form-widget\">\n                    <h3 class=\"widget-title text-uppercase\">+ Informaci\u00f3n<\/h3>                                        <p>Habla con nosotros y obt\u00e9n m\u00e1s informaci\u00f3n <\/p>\n                                        \n<div class=\"wpcf7 no-js\" id=\"wpcf7-f514-o1\" lang=\"en-US\" dir=\"ltr\" data-wpcf7-id=\"514\">\n<div class=\"screen-reader-response\"><p role=\"status\" aria-live=\"polite\" aria-atomic=\"true\"><\/p> <ul><\/ul><\/div>\n<form action=\"\/web\/wp-json\/wp\/v2\/pages\/826#wpcf7-f514-o1\" method=\"post\" class=\"wpcf7-form init\" aria-label=\"Contact form\" novalidate=\"novalidate\" data-status=\"init\">\n<div style=\"display: none;\">\n<input type=\"hidden\" name=\"_wpcf7\" value=\"514\" \/>\n<input type=\"hidden\" name=\"_wpcf7_version\" value=\"6.0.6\" \/>\n<input type=\"hidden\" name=\"_wpcf7_locale\" value=\"en_US\" \/>\n<input type=\"hidden\" name=\"_wpcf7_unit_tag\" value=\"wpcf7-f514-o1\" \/>\n<input type=\"hidden\" name=\"_wpcf7_container_post\" value=\"0\" \/>\n<input type=\"hidden\" name=\"_wpcf7_posted_data_hash\" value=\"\" \/>\n<\/div>\n<p><span class=\"wpcf7-form-control-wrap\" data-name=\"text-256\"><input size=\"40\" maxlength=\"400\" class=\"wpcf7-form-control wpcf7-text wpcf7-validates-as-required\" aria-required=\"true\" aria-invalid=\"false\" placeholder=\"Nombre\" value=\"\" type=\"text\" name=\"text-256\" \/><\/span><br \/>\n<span class=\"wpcf7-form-control-wrap\" data-name=\"email-466\"><input size=\"40\" maxlength=\"400\" class=\"wpcf7-form-control wpcf7-email wpcf7-validates-as-required wpcf7-text wpcf7-validates-as-email\" aria-required=\"true\" aria-invalid=\"false\" placeholder=\"Email\" value=\"\" type=\"email\" name=\"email-466\" \/><\/span><br \/>\n<span class=\"wpcf7-form-control-wrap\" data-name=\"textarea-867\"><textarea cols=\"40\" rows=\"10\" maxlength=\"2000\" class=\"wpcf7-form-control wpcf7-textarea\" aria-invalid=\"false\" placeholder=\"Su pregunta aqu\u00ed\" name=\"textarea-867\"><\/textarea><\/span><br \/>\n<button>Contactar ahora<\/button>\n<\/p><p style=\"display: none !important;\" class=\"akismet-fields-container\" data-prefix=\"_wpcf7_ak_\"><label>&#916;<textarea name=\"_wpcf7_ak_hp_textarea\" cols=\"45\" rows=\"8\" maxlength=\"100\"><\/textarea><\/label><input type=\"hidden\" id=\"ak_js_1\" name=\"_wpcf7_ak_js\" value=\"49\"\/><script>document.getElementById( \"ak_js_1\" ).setAttribute( \"value\", ( new Date() ).getTime() );<\/script><\/p><div class=\"wpcf7-response-output\" aria-hidden=\"true\"><\/div>\n<\/form>\n<\/div>\n                <\/div>\n            <\/div>\n\n        <\/div>\t\t\t\t\t\t<\/div>\n\t\t\t\t\t<\/div>\n\t\t\t\t\t                    <div class=\"col-lg-8\">\n\t\t\t\t\t\t<div class=\"ft-service-details-content-wrapper headline pera-content\">\n\t\t\t\t\t\t\t<div class=\"ft-service-details-img-wrapper\">\n\t\t\t\t\t\t\t\t<div class=\"row\">\n\t\t\t\t\t\t\t\t\t                                    <div class=\"col-md-6\">\n\t\t\t\t\t\t\t\t\t\t<div class=\"ft-service-details-img\">\n\t\t\t\t\t\t\t\t\t\t\t<img decoding=\"async\" src=\"https:\/\/guiatransportes.com\/web\/wp-content\/uploads\/2024\/09\/control-mercancias-guiatransportes-1-scaled-e1727359448745.jpg\" alt=\"Awesome Image\">\n\t\t\t\t\t\t\t\t\t\t<\/div>\n\t\t\t\t\t\t\t\t\t<\/div>\n                                                                        \t\t\t\t\t\t\t\t\t<div class=\"col-md-6\">\n\t\t\t\t\t\t\t\t\t\t                                        <div class=\"ft-service-details-img\">\n\t\t\t\t\t\t\t\t\t\t\t<img decoding=\"async\" src=\"https:\/\/guiatransportes.com\/web\/wp-content\/uploads\/2024\/09\/control-mercancias-guiatransportes-2-scaled-e1727359547138.jpg\" alt=\"Awesome Image\">\n\t\t\t\t\t\t\t\t\t\t<\/div>\n                                                                                \t\t\t\t\t\t\t\t\t\t<div class=\"ft-service-details-img\">\n\t\t\t\t\t\t\t\t\t\t\t<img decoding=\"async\" src=\"https:\/\/guiatransportes.com\/web\/wp-content\/uploads\/2024\/09\/control-mercancias-guiatransportes-3-scaled-e1727359674334.jpg\" alt=\"Awesome Image\">\n\t\t\t\t\t\t\t\t\t\t<\/div>\n                                        \t\t\t\t\t\t\t\t\t<\/div>\n                                    \t\t\t\t\t\t\t\t<\/div>\n\t\t\t\t\t\t\t<\/div>\n\t\t\t\t\t\t\t<div class=\"ft-service-details-text-wrapper\">\n\t\t\t\t\t\t\t\t<h3>Control de mercanc\u00edas<\/h3> \t\t\t\t\t\t\t\t\n\t\t\t\t\t\t\t\t<p><span style=\"font-weight: 400\">Para que lleve control de su mercanc&iacute;a ofrecemos 3 servicios:&nbsp;<\/span><\/p>\n<p><\/p>\n<ul>\n<li style=\"font-weight: 400\"><b><i>Almacenamiento e inventario: <\/i><\/b><span style=\"font-weight: 400\"><br \/><\/span><span style=\"font-weight: 400\"><br \/><\/span><span style=\"font-weight: 400\">Contamos con una bodega para almacenar e inventariar su mercanc&iacute;a, el manejo de inventarios lo hacemos a partir de una app de Guiatransportes, en la que como cliente podr&aacute; acceder con un usuario y contrase&ntilde;a entregada por nosotros y revisar la cantidad de unidades que quedan al interior de Guiatransportes de una mercanc&iacute;a espec&iacute;fica y estar informado de los momentos en los que sale mercanc&iacute;a, la persona que lo autoriza y la cantidad que saca de la misma.<\/span><span style=\"font-weight: 400\"><br \/><br \/><\/span><\/li>\n<li style=\"font-weight: 400\"><b><i>Alistamiento: <\/i><\/b><span style=\"font-weight: 400\"><br \/><\/span><span style=\"font-weight: 400\"><br \/><\/span><span style=\"font-weight: 400\">Tenemos el proceso mediante el cual se lleva a cabo la preparaci&oacute;n de pedidos, al interior de Guiatransportes, esto con la finalidad de enviar la mercanc&iacute;a y cantidad correcta de esta. <\/span><span style=\"font-weight: 400\"><br \/><br \/><\/span><\/li>\n<li><b><i>Embalaje:<\/i><\/b> <span style=\"font-weight: 400\"><br \/><\/span><span style=\"font-weight: 400\"><br \/><\/span><span style=\"font-weight: 400\">Tenemos todos los art&iacute;culos necesarios para acondicionar la mercanc&iacute;a y protegerla o agruparla de manera temporal, pensando en su manipulaci&oacute;n, transporte y almacenamiento.<\/span><span style=\"font-weight: 400\"><br \/><\/span><\/li>\n<\/ul>\t\t\t\t\t\t\t\t\n\t\t\t\t\t\t\t\t                                <div class=\"ft-service-details-counter-wrapper\">\n\t\t\t\t\t\t\t\t\t<div class=\"row\">\n\t\t\t\t\t\t\t\t\t\t                                        <div class=\"col-md-6\">\n\t\t\t\t\t\t\t\t\t\t\t<div class=\"ft-service-details-counter-item d-flex align-items-center headline pera-content\">\n\t\t\t\t\t\t\t\t\t\t\t\t<div class=\"ft-service-details-count-icon\">\n\t\t\t\t\t\t\t\t\t\t\t\t\t<i class=\"flaticon-worldwide\"><\/i>\n\t\t\t\t\t\t\t\t\t\t\t\t<\/div>\n\t\t\t\t\t\t\t\t\t\t\t\t<div class=\"ft-service-details-count-text\">\n\t\t\t\t\t\t\t\t\t\t\t\t\t<h4 class=\"title text-uppercase\">TENEMOS CUBRIMIENTO NACIONAL<\/h4>\n\t\t\t\t\t\t\t\t\t\t\t\t\t<h4 class=\"count-number\"><span class=\"count\"><\/span><\/h4>\n\t\t\t\t\t\t\t\t\t\t\t\t\t<p><\/p>\n\t\t\t\t\t\t\t\t\t\t\t\t<\/div>\n\t\t\t\t\t\t\t\t\t\t\t<\/div>\n\t\t\t\t\t\t\t\t\t\t<\/div>\n                                                                                <div class=\"col-md-6\">\n\t\t\t\t\t\t\t\t\t\t\t<div class=\"ft-service-details-counter-item d-flex align-items-center headline pera-content\">\n\t\t\t\t\t\t\t\t\t\t\t\t<div class=\"ft-service-details-count-icon\">\n\t\t\t\t\t\t\t\t\t\t\t\t\t<i class=\"flaticon-logistics\"><\/i>\n\t\t\t\t\t\t\t\t\t\t\t\t<\/div>\n\t\t\t\t\t\t\t\t\t\t\t\t<div class=\"ft-service-details-count-text\">\n\t\t\t\t\t\t\t\t\t\t\t\t\t<h4 class=\"title text-uppercase\">A\u00d1OS DE EXPERIENCIA<\/h4>\n\t\t\t\t\t\t\t\t\t\t\t\t\t<h4 class=\"count-number\"><span class=\"count\">24<\/span>+<\/h4>\n\t\t\t\t\t\t\t\t\t\t\t\t\t<p><\/p>\n\t\t\t\t\t\t\t\t\t\t\t\t<\/div>\n\t\t\t\t\t\t\t\t\t\t\t<\/div>\n\t\t\t\t\t\t\t\t\t\t<\/div>\n                                        \t\t\t\t\t\t\t\t\t<\/div>\n\t\t\t\t\t\t\t\t<\/div>\n\t\t\t\t\t\t\t\t\t\t\t\t\t\t\t\t                                <h3>Almacenamiento y embalaje<\/h3>\n                                                                \t\t\t\t\t\t\t\t                                <div class=\"ft-video-content position-relative\">\n\t\t\t\t\t\t\t\t\t<div class=\"ft-video-img-play-btn\">\n\t\t\t\t\t\t\t\t\t\t                                        <div class=\"ft-video-img\">\n\t\t\t\t\t\t\t\t\t\t\t<img decoding=\"async\" src=\"https:\/\/guiatransportes.com\/web\/wp-content\/uploads\/2024\/10\/bodega-guiatransportes-scaled-e1727986685482.jpg\" alt=\"Awesome Image\">\n\t\t\t\t\t\t\t\t\t\t<\/div>\n                                                            \t\t\t\t\t\t\t\t\t\t\t\t\t\t\t<div class=\"ft-video-play\">\n\t\t\t\t\t\t\t\t\t\t\t<a class=\"d-flex justify-content-center align-items-center position-relative video_box\" href=\"https:\/\/www.guiatransportes.com\/imgs-guiatransportes\/embalaje-guiatransportes.mp4\">\n\t\t\t\t\t\t\t\t\t\t\t\t<i class=\"fas fa-play\"><\/i>\n\t\t\t\t\t\t\t\t\t\t\t\t<span class=\"video_btn_border border_wrap-1\"><\/span>\n\t\t\t\t\t\t\t\t\t\t\t\t<span class=\"video_btn_border border_wrap-2\"><\/span>\n\t\t\t\t\t\t\t\t\t\t\t<\/a>\n\t\t\t\t\t\t\t\t\t\t<\/div>\n                                        \t\t\t\t\t\t\t\t\t<\/div>\n\t\t\t\t\t\t\t\t<\/div>\n                                    \t\n\t\t\t\t\t\t\t<\/div>\n\t\t\t\t\t\t<\/div>\n\t\t\t\t\t<\/div>\n\t\t\t\t<\/div>\n\t\t\t<\/div>\n\t\t<\/div>\n\t<\/section>\t\n\t<!-- End of Service details section\n\t============================================= -->\n    \n    \t\t\t\t<\/div>\n\t\t\t\t<\/div>\n\t\t\t\t<div class=\"elementor-element elementor-element-2ff43c3 elementor-widget elementor-widget-spacer\" data-id=\"2ff43c3\" data-element_type=\"widget\" data-widget_type=\"spacer.default\">\n\t\t\t\t<div class=\"elementor-widget-container\">\n\t\t\t\t\t\t\t<div class=\"elementor-spacer\">\n\t\t\t<div class=\"elementor-spacer-inner\"><\/div>\n\t\t<\/div>\n\t\t\t\t\t\t<\/div>\n\t\t\t\t<\/div>\n\t\t\t\t<div class=\"elementor-element elementor-element-a91b3d7 elementor-widget elementor-widget-spacer\" data-id=\"a91b3d7\" data-element_type=\"widget\" data-widget_type=\"spacer.default\">\n\t\t\t\t<div class=\"elementor-widget-container\">\n\t\t\t\t\t\t\t<div class=\"elementor-spacer\">\n\t\t\t<div class=\"elementor-spacer-inner\"><\/div>\n\t\t<\/div>\n\t\t\t\t\t\t<\/div>\n\t\t\t\t<\/div>\n\t\t\t\t\t<\/div>\n\t\t<\/div>\n\t\t\t\t\t<\/div>\n\t\t<\/section>\n\t\t\t\t<\/div>\n\t\t","protected":false},"excerpt":{"rendered":"<p>Servicios Transporte de carga Control de mercanc\u00eda Acompa\u00f1amiento y seguimiento Proyectos log\u00edsticos + Informaci\u00f3n Habla con nosotros y obt\u00e9n m\u00e1s informaci\u00f3n Contactar ahora &#916; Control de mercanc\u00edas Para que lleve control de su mercanc&iacute;a ofrecemos 3 servicios:&nbsp; Almacenamiento e inventario: Contamos con una bodega para almacenar e inventariar su mercanc&iacute;a, el manejo de inventarios lo [&hellip;]<\/p>\n","protected":false},"author":1,"featured_media":0,"parent":0,"menu_order":0,"comment_status":"closed","ping_status":"closed","template":"tpl-default-elementor.php","meta":{"footnotes":""},"class_list":["post-826","page","type-page","status-publish","hentry"],"_links":{"self":[{"href":"https:\/\/guiatransportes.com\/web\/wp-json\/wp\/v2\/pages\/826","targetHints":{"allow":["GET"]}}],"collection":[{"href":"https:\/\/guiatransportes.com\/web\/wp-json\/wp\/v2\/pages"}],"about":[{"href":"https:\/\/guiatransportes.com\/web\/wp-json\/wp\/v2\/types\/page"}],"author":[{"embeddable":true,"href":"https:\/\/guiatransportes.com\/web\/wp-json\/wp\/v2\/users\/1"}],"replies":[{"embeddable":true,"href":"https:\/\/guiatransportes.com\/web\/wp-json\/wp\/v2\/comments?post=826"}],"version-history":[{"count":20,"href":"https:\/\/guiatransportes.com\/web\/wp-json\/wp\/v2\/pages\/826\/revisions"}],"predecessor-version":[{"id":3305,"href":"https:\/\/guiatransportes.com\/web\/wp-json\/wp\/v2\/pages\/826\/revisions\/3305"}],"wp:attachment":[{"href":"https:\/\/guiatransportes.com\/web\/wp-json\/wp\/v2\/media?parent=826"}],"curies":[{"name":"wp","href":"https:\/\/api.w.org\/{rel}","templated":true}]}}