{"id":430,"date":"2021-10-04T08:22:44","date_gmt":"2021-10-04T08:22:44","guid":{"rendered":"https:\/\/themexriver.com\/wp\/fastrans\/?page_id=430"},"modified":"2025-05-19T14:17:42","modified_gmt":"2025-05-19T19:17:42","slug":"nosotros","status":"publish","type":"page","link":"https:\/\/guiatransportes.com\/web\/nosotros\/","title":{"rendered":"NOSOTROS"},"content":{"rendered":"\t\t<div data-elementor-type=\"wp-page\" data-elementor-id=\"430\" class=\"elementor elementor-430\">\n\t\t\t\t\t\t<section class=\"elementor-section elementor-top-section elementor-element elementor-element-231da23 elementor-section-full_width elementor-section-height-default elementor-section-height-default\" data-id=\"231da23\" data-element_type=\"section\">\n\t\t\t\t\t\t<div class=\"elementor-container elementor-column-gap-default\">\n\t\t\t\t\t<div class=\"elementor-column elementor-col-100 elementor-top-column elementor-element elementor-element-5ef2a3a\" data-id=\"5ef2a3a\" data-element_type=\"column\">\n\t\t\t<div class=\"elementor-widget-wrap elementor-element-populated\">\n\t\t\t\t\t\t<div class=\"elementor-element elementor-element-1affb07d elementor-widget elementor-widget-fastrans_about_us_v2\" data-id=\"1affb07d\" data-element_type=\"widget\" data-widget_type=\"fastrans_about_us_v2.default\">\n\t\t\t\t<div class=\"elementor-widget-container\">\n\t\t\t\t\t\n    <!-- Start of About section\n\t============================================= -->\n\t<section id=\"ft-about\" class=\"ft-about-section\">\n\t\t<div class=\"container\">\n\t\t\t<div class=\"ft-about-content\">\n\t\t\t\t<div class=\"row\">\n\t\t\t\t\t<div class=\"col-lg-6 wow fadeInLeft\" data-wow-delay=\"0ms\" data-wow-duration=\"1500ms\">\n\t\t\t\t\t\t<div class=\"ft-about-img-exp position-relative\">\n\t\t\t\t\t\t\t                            <div class=\"ft-about-exp-area headline pera-content position-absolute\">\n\t\t\t\t\t\t\t\t<div class=\"ft-about-exp-img\">\n\t\t\t\t\t\t\t\t\t<img decoding=\"async\" src=\"https:\/\/guiatransportes.com\/web\/wp-content\/themes\/fastrans\/assets\/images\/shape\/exp-sh1.png\" alt=\"Awesome Image\">\n\t\t\t\t\t\t\t\t<\/div>\n\t\t\t\t\t\t\t\t<div class=\"ft-about-exp-text position-absolute\">\n\t\t\t\t\t\t\t\t\t<h3><span class=\"counter\">24<\/span><b>+<\/b> A\u00f1os<\/h3>\n\t\t\t\t\t\t\t\t\t<p>Experiencia en el sector del transporte de carga.<\/p>\t\t\t\t\t\t\t\t<\/div>\n\t\t\t\t\t\t\t<\/div>\n                            \t\t\t\t\t\t\t                            <div class=\"ft-about-img\">\n                                <img decoding=\"async\" src=\"https:\/\/guiatransportes.com\/web\/wp-content\/uploads\/2025\/05\/gt2.png\" alt=\"Awesome Image\">\n                            <\/div>\n                            \t\t\t\t\t\t<\/div>\n\t\t\t\t\t<\/div>\n\t\t\t\t\t<div class=\"col-lg-6\">\n\t\t\t\t\t\t<div class=\"ft-about-text-wrapper\">\n\t\t\t\t\t\t\t                            <div class=\"ft-section-title headline pera-content\">\n\t\t\t\t\t\t\t\t<span class=\"sub-title\">Sobre nuestra compa\u00f1\u00eda<\/span>\t\t\t\t\t\t\t\t<h2>Nuestra Historia<\/h2>\t\t\t\t\t\t\t\t<p><p><strong>Guiatransportes<\/strong> fue fundada en el a&ntilde;o 2000, por V&iacute;ctor Zu&ntilde;iga y Fernando Zu&ntilde;iga. Se ha dedicado a lo largo de los a&ntilde;os a ofrecer servicios de<em> transporte,<\/em> servicios de <em>cargas consolidadas<\/em>, servicio de <em>almacenamiento<\/em>, <em>control de inventario<\/em>; y <em>distribuci&oacute;n de mercanc&iacute;as<\/em>.<\/p>\n<p><\/p>\n<p>Teniendo como base la experiencia que hemos adquirido durante a&ntilde;os en el campo de las <em>operaciones terrestres<\/em> por parte de los socios de la empresa, estamos en capacidad de ofrecer nuestros servicios de <em>asesor&iacute;as portuarias<\/em> tanto legales como operativas para el cargue, descargue y movilizaci&oacute;n de todo tipo de carga.<\/p>\n<p><\/p> <\/p>\t\t\t\t\t\t\t<\/div>\n                            \t\t\t\t\t\t\t<div class=\"ft-about-feature-list-warpper\">\n\t\t\t\t\t\t\t\t                                <div class=\"ft-about-feature-list-item d-flex align-items-center wow fadeInUp\" data-wow-delay=\"0ms\" data-wow-duration=\"1500ms\">\n\t\t\t\t\t\t\t\t\t<div class=\"ft-about-feature-icon d-flex align-items-center justify-content-center\">\n\t\t\t\t\t\t\t\t\t\t<i class=\"flaticon-place\"><\/i>\n\t\t\t\t\t\t\t\t\t<\/div>\n\t\t\t\t\t\t\t\t\t<div class=\"ft-about-feature-text headline pera-content\">\n\t\t\t\t\t\t\t\t\t\t<h3>Servicio Nacional<\/h3>\n\t\t\t\t\t\t\t\t\t\t<p>Llevamos tu mercanc\u00eda a cualquier parte del pa\u00eds. <\/p>\n\t\t\t\t\t\t\t\t\t<\/div>\n\t\t\t\t\t\t\t\t<\/div>\n                                \n                                \t\t\t\t\t\t\t\t<div class=\"ft-btn wow fadeInUp\" data-wow-delay=\"300ms\" data-wow-duration=\"1500ms\">\n\t\t\t\t\t\t\t\t\t<a class=\"d-flex justify-content-center align-items-center\" href=\"http:\/\/www.guiatransportes.com\/web\/mas-sobre-guiatransportes\">Leer M\u00e1s<\/a>\n\t\t\t\t\t\t\t\t<\/div>\n                                \t\t\t\t\t\t\t<\/div>\n\t\t\t\t\t\t<\/div>\n\t\t\t\t\t<\/div>\n\t\t\t\t<\/div>\n\t\t\t<\/div>\n\t\t<\/div>\n\t<\/section>\n\t<!-- End of About section\n\t============================================= -->\n\n    \t\t\t\t<\/div>\n\t\t\t\t<\/div>\n\t\t\t\t\t<\/div>\n\t\t<\/div>\n\t\t\t\t\t<\/div>\n\t\t<\/section>\n\t\t\t\t<section class=\"elementor-section elementor-top-section elementor-element elementor-element-df5ef2f elementor-section-full_width elementor-section-height-default elementor-section-height-default\" data-id=\"df5ef2f\" data-element_type=\"section\">\n\t\t\t\t\t\t<div class=\"elementor-container elementor-column-gap-default\">\n\t\t\t\t\t<div class=\"elementor-column elementor-col-100 elementor-top-column elementor-element elementor-element-fc76734\" data-id=\"fc76734\" data-element_type=\"column\">\n\t\t\t<div class=\"elementor-widget-wrap elementor-element-populated\">\n\t\t\t\t\t\t<div class=\"elementor-element elementor-element-0752504 elementor-widget elementor-widget-fastrans_funfacts_v3\" data-id=\"0752504\" data-element_type=\"widget\" data-widget_type=\"fastrans_funfacts_v3.default\">\n\t\t\t\t<div class=\"elementor-widget-container\">\n\t\t\t\t\t\n    <!-- Start of funfact section\n\t============================================= -->\n\t<section id=\"ft-funfact\" class=\"ft-funfact-section\">\n\t\t<div class=\"container\">\n\t\t\t<div class=\"ft-funfact-content\">\n\t\t\t\t<div class=\"row\">\n\t\t\t\t\t                    <div class=\"col-lg-3 col-md-6 col-sm-6\">\n\t\t\t\t\t\t<div class=\"ft-funfact-innerbox text-center\">\n\t\t\t\t\t\t\t<div class=\"ft-funfact-icon\">\n\t\t\t\t\t\t\t\t<i class=\"fal fa-clipboard-list-check\"><\/i>\n\t\t\t\t\t\t\t<\/div>\n\t\t\t\t\t\t\t<div class=\"ft-funfact-text headline pera-content\">\n\t\t\t\t\t\t\t\t<h3><span class=\"odometer\" data-count=\"250\">00<\/span>+<\/h3>\n\t\t\t\t\t\t\t\t<p>Viajes entregados<\/p>\n\t\t\t\t\t\t\t<\/div>\n\t\t\t\t\t\t<\/div>\n\t\t\t\t\t<\/div>\n                                        <div class=\"col-lg-3 col-md-6 col-sm-6\">\n\t\t\t\t\t\t<div class=\"ft-funfact-innerbox text-center\">\n\t\t\t\t\t\t\t<div class=\"ft-funfact-icon\">\n\t\t\t\t\t\t\t\t<i class=\"fal fa-users\"><\/i>\n\t\t\t\t\t\t\t<\/div>\n\t\t\t\t\t\t\t<div class=\"ft-funfact-text headline pera-content\">\n\t\t\t\t\t\t\t\t<h3><span class=\"odometer\" data-count=\"15\">00<\/span>+<\/h3>\n\t\t\t\t\t\t\t\t<p>Equipo GT<\/p>\n\t\t\t\t\t\t\t<\/div>\n\t\t\t\t\t\t<\/div>\n\t\t\t\t\t<\/div>\n                                        <div class=\"col-lg-3 col-md-6 col-sm-6\">\n\t\t\t\t\t\t<div class=\"ft-funfact-innerbox text-center\">\n\t\t\t\t\t\t\t<div class=\"ft-funfact-icon\">\n\t\t\t\t\t\t\t\t<i class=\"fal fa-trophy-alt\"><\/i>\n\t\t\t\t\t\t\t<\/div>\n\t\t\t\t\t\t\t<div class=\"ft-funfact-text headline pera-content\">\n\t\t\t\t\t\t\t\t<h3><span class=\"odometer\" data-count=\"14\">00<\/span>+<\/h3>\n\t\t\t\t\t\t\t\t<p>Clientes Satisfechos<\/p>\n\t\t\t\t\t\t\t<\/div>\n\t\t\t\t\t\t<\/div>\n\t\t\t\t\t<\/div>\n                                        <div class=\"col-lg-3 col-md-6 col-sm-6\">\n\t\t\t\t\t\t<div class=\"ft-funfact-innerbox text-center\">\n\t\t\t\t\t\t\t<div class=\"ft-funfact-icon\">\n\t\t\t\t\t\t\t\t<i class=\"fal fa-medal\"><\/i>\n\t\t\t\t\t\t\t<\/div>\n\t\t\t\t\t\t\t<div class=\"ft-funfact-text headline pera-content\">\n\t\t\t\t\t\t\t\t<h3><span class=\"odometer\" data-count=\"100\">00<\/span>%<\/h3>\n\t\t\t\t\t\t\t\t<p>Paquetes entregados<\/p>\n\t\t\t\t\t\t\t<\/div>\n\t\t\t\t\t\t<\/div>\n\t\t\t\t\t<\/div>\n                    \t\t\t\t<\/div>\n\t\t\t<\/div>\n\t\t<\/div>\n\t<\/section>\n\t<!-- End of funfact section\n\t============================================= -->\n\n    \t\t\t\t<\/div>\n\t\t\t\t<\/div>\n\t\t\t\t\t<\/div>\n\t\t<\/div>\n\t\t\t\t\t<\/div>\n\t\t<\/section>\n\t\t\t\t<section class=\"elementor-section elementor-top-section elementor-element elementor-element-179713e elementor-section-full_width elementor-section-height-default elementor-section-height-default\" data-id=\"179713e\" data-element_type=\"section\">\n\t\t\t\t\t\t<div class=\"elementor-container elementor-column-gap-default\">\n\t\t\t\t\t<div class=\"elementor-column elementor-col-100 elementor-top-column elementor-element elementor-element-dab1161\" data-id=\"dab1161\" data-element_type=\"column\">\n\t\t\t<div class=\"elementor-widget-wrap elementor-element-populated\">\n\t\t\t\t\t\t<div class=\"elementor-element elementor-element-dc27dc2 elementor-widget elementor-widget-fastrans_our_features_v2\" data-id=\"dc27dc2\" data-element_type=\"widget\" data-widget_type=\"fastrans_our_features_v2.default\">\n\t\t\t\t<div class=\"elementor-widget-container\">\n\t\t\t\t\t\t\t\n        <!-- Start of goodness feature section\n        ============================================= -->\n        <section id=\"ft-goodness-feature\" class=\"ft-goodness-feature-section\">\n            <div class=\"container\">\n                                <div class=\"ft-section-title-2 headline pera-content text-center\">\n                    <span class=\"sub-title\">Estamos 100% comprometidos<\/span>                    <h2>Qu\u00e9 nos hace especiales<\/h2>                    <p>Sabemos, que cuando una empresa o persona nos contrata, no es \u00fanicamente porque necesitan un servicio de transporte, si no porque conf\u00edan en que Guiatransportes va a hacer un trabajo con calidad y eficacia.  <\/p>                <\/div>\n                                <div class=\"ft-goodness-featured-content\">\n                    <div class=\"row\">\n                                                <div class=\"col-lg-4 col-md-6\">\n                            <div class=\"ft-goodness-featured-innerbox text-center\">\n                                <div class=\"ft-goodness-featured-icon d-flex align-items-center justify-content-center\">\n                                    <i class=\"fal icon flaticon-plane\"><\/i>\n                                <\/div>\n                                <div class=\"ft-goodness-featured-text headline pera-content\">\n                                    <h3><a href=\"https:\/\/guiatransportes.com\/web\/transporte-de-carga\/\">Transporte de carga<\/a><\/h3>\n                                    <p> <\/p>\n                                <\/div>\n                            <\/div>\n                        <\/div>\n                                                <div class=\"col-lg-4 col-md-6\">\n                            <div class=\"ft-goodness-featured-innerbox text-center\">\n                                <div class=\"ft-goodness-featured-icon d-flex align-items-center justify-content-center\">\n                                    <i class=\"fal icon flaticon-train\"><\/i>\n                                <\/div>\n                                <div class=\"ft-goodness-featured-text headline pera-content\">\n                                    <h3><a href=\"https:\/\/guiatransportes.com\/web\/control-de-mercancia\/\">Control de mercanc\u00eda<\/a><\/h3>\n                                    <p> <\/p>\n                                <\/div>\n                            <\/div>\n                        <\/div>\n                                                <div class=\"col-lg-4 col-md-6\">\n                            <div class=\"ft-goodness-featured-innerbox text-center\">\n                                <div class=\"ft-goodness-featured-icon d-flex align-items-center justify-content-center\">\n                                    <i class=\"fal fa-badge-sheriff\"><\/i>\n                                <\/div>\n                                <div class=\"ft-goodness-featured-text headline pera-content\">\n                                    <h3><a href=\"https:\/\/guiatransportes.com\/web\/acompanamiento-y-seguimiento\/\">Acompa\u00f1amiento y seguimiento<\/a><\/h3>\n                                    <p> <\/p>\n                                <\/div>\n                            <\/div>\n                        <\/div>\n                                            <\/div>\n                <\/div>\n            <\/div>\n        <\/section>\n        <!-- End of goodness feature section\n        ============================================= -->\n                           \n        \t\t\t\t<\/div>\n\t\t\t\t<\/div>\n\t\t\t\t\t<\/div>\n\t\t<\/div>\n\t\t\t\t\t<\/div>\n\t\t<\/section>\n\t\t\t\t<section class=\"elementor-section elementor-top-section elementor-element elementor-element-8184395 elementor-section-full_width elementor-section-height-default elementor-section-height-default\" data-id=\"8184395\" data-element_type=\"section\">\n\t\t\t\t\t\t<div class=\"elementor-container elementor-column-gap-default\">\n\t\t\t\t\t<div class=\"elementor-column elementor-col-100 elementor-top-column elementor-element elementor-element-ea40c9c\" data-id=\"ea40c9c\" data-element_type=\"column\">\n\t\t\t<div class=\"elementor-widget-wrap elementor-element-populated\">\n\t\t\t\t\t\t<div class=\"elementor-element elementor-element-7213da3 elementor-widget elementor-widget-fastrans_our_testimonials_v2\" data-id=\"7213da3\" data-element_type=\"widget\" data-widget_type=\"fastrans_our_testimonials_v2.default\">\n\t\t\t\t<div class=\"elementor-widget-container\">\n\t\t\t\t\t\t\t\n        <!-- Start of Testimonial section\n        ============================================= -->\n        <section id=\"ft-testimonial\" class=\"ft-testimonial-section position-relative\">\n            <span class=\"ft-testimonial-map text-center position-absolute\"><img decoding=\"async\" src=\"https:\/\/guiatransportes.com\/web\/wp-content\/uploads\/2021\/10\/map-1.png\" alt=\"Awesome Image\"><\/span>            <div class=\"container\">\n                                <div class=\"ft-section-title headline pera-content text-center\">\n                    <span class=\"sub-title\">Testimonios<\/span>                    <h2>\u00bfQu\u00e9 piensan nuestros clientes sobre nosotros?<\/h2>                <\/div>\n                                <div class=\"ft-testimonial-slider-wrapper\">\n                    <div class=\"ft-testimonial-slider-area\">\n                                                <div class=\"ft-item-innerbox\">\n                            <div class=\"ft-testimonial-item-innerbox\">\n                                                                <div class=\"ft-testimonial-item-img-wrapper position-relative\">\n                                    <div class=\"ft-testimonial-item-img\">\n                                        <img decoding=\"async\" width=\"70\" height=\"70\" src=\"https:\/\/guiatransportes.com\/web\/wp-content\/uploads\/2021\/10\/comment-1.jpg\" class=\"attachment-fastrans_70x70 size-fastrans_70x70 wp-post-image\" alt=\"\" \/>                                    <\/div>\n                                    <div class=\"ft-testimonial-quote d-flex align-items-center justify-content-center position-absolute\">\n                                        <img decoding=\"async\" src=\"https:\/\/guiatransportes.com\/web\/wp-content\/themes\/fastrans\/assets\/images\/shape\/quote.png\" alt=\"\">\n                                    <\/div>\n                                <\/div>\n                                                                <div class=\"ft-testimonial-text-item text-center\">\n                                    Vestibulum ante ipsum primis in faucibus orci luctus et ultrices posuere cubilia curae; finibus malesuada.                                <\/div>\n                                <div class=\"ft-testimonial-name headline position-relative\">\n                                    <span class=\"ft-testimonial-shape\"><\/span>\n                                    <h3>John Doe<\/h3>\n                                <\/div>\n                            <\/div>\n                        <\/div>\n                                                <div class=\"ft-item-innerbox\">\n                            <div class=\"ft-testimonial-item-innerbox\">\n                                                                <div class=\"ft-testimonial-item-img-wrapper position-relative\">\n                                    <div class=\"ft-testimonial-item-img\">\n                                        <img decoding=\"async\" width=\"70\" height=\"70\" src=\"https:\/\/guiatransportes.com\/web\/wp-content\/uploads\/2021\/10\/author-1.jpg\" class=\"attachment-fastrans_70x70 size-fastrans_70x70 wp-post-image\" alt=\"\" \/>                                    <\/div>\n                                    <div class=\"ft-testimonial-quote d-flex align-items-center justify-content-center position-absolute\">\n                                        <img decoding=\"async\" src=\"https:\/\/guiatransportes.com\/web\/wp-content\/themes\/fastrans\/assets\/images\/shape\/quote.png\" alt=\"\">\n                                    <\/div>\n                                <\/div>\n                                                                <div class=\"ft-testimonial-text-item text-center\">\n                                    Morbi placerat neque. Morbi venenatis. Donec dignissim dui et efficitur, luctus nunc maximus. Curabitur ornare.                                <\/div>\n                                <div class=\"ft-testimonial-name headline position-relative\">\n                                    <span class=\"ft-testimonial-shape\"><\/span>\n                                    <h3>jon doe<\/h3>\n                                <\/div>\n                            <\/div>\n                        <\/div>\n                                                <div class=\"ft-item-innerbox\">\n                            <div class=\"ft-testimonial-item-innerbox\">\n                                                                <div class=\"ft-testimonial-item-img-wrapper position-relative\">\n                                    <div class=\"ft-testimonial-item-img\">\n                                        <img decoding=\"async\" width=\"70\" height=\"70\" src=\"https:\/\/guiatransportes.com\/web\/wp-content\/uploads\/2021\/10\/author-3-70x70.jpg\" class=\"attachment-fastrans_70x70 size-fastrans_70x70 wp-post-image\" alt=\"\" srcset=\"https:\/\/guiatransportes.com\/web\/wp-content\/uploads\/2021\/10\/author-3-70x70.jpg 70w, https:\/\/guiatransportes.com\/web\/wp-content\/uploads\/2021\/10\/author-3.jpg 77w\" sizes=\"(max-width: 70px) 100vw, 70px\" \/>                                    <\/div>\n                                    <div class=\"ft-testimonial-quote d-flex align-items-center justify-content-center position-absolute\">\n                                        <img decoding=\"async\" src=\"https:\/\/guiatransportes.com\/web\/wp-content\/themes\/fastrans\/assets\/images\/shape\/quote.png\" alt=\"\">\n                                    <\/div>\n                                <\/div>\n                                                                <div class=\"ft-testimonial-text-item text-center\">\n                                    Curabitur vehicula fermentum iaculis. Praesent cursus eros finibus sem gravida, quis data tempus lectus varius.                                <\/div>\n                                <div class=\"ft-testimonial-name headline position-relative\">\n                                    <span class=\"ft-testimonial-shape\"><\/span>\n                                    <h3>jane salima<\/h3>\n                                <\/div>\n                            <\/div>\n                        <\/div>\n                                                <div class=\"ft-item-innerbox\">\n                            <div class=\"ft-testimonial-item-innerbox\">\n                                                                <div class=\"ft-testimonial-item-img-wrapper position-relative\">\n                                    <div class=\"ft-testimonial-item-img\">\n                                        <img loading=\"lazy\" decoding=\"async\" width=\"70\" height=\"70\" src=\"https:\/\/guiatransportes.com\/web\/wp-content\/uploads\/2021\/10\/tst2.jpg\" class=\"attachment-fastrans_70x70 size-fastrans_70x70 wp-post-image\" alt=\"\" \/>                                    <\/div>\n                                    <div class=\"ft-testimonial-quote d-flex align-items-center justify-content-center position-absolute\">\n                                        <img decoding=\"async\" src=\"https:\/\/guiatransportes.com\/web\/wp-content\/themes\/fastrans\/assets\/images\/shape\/quote.png\" alt=\"\">\n                                    <\/div>\n                                <\/div>\n                                                                <div class=\"ft-testimonial-text-item text-center\">\n                                    Ut pharetra neque sit amet urna pulvinar venenatis. Suspendisse iaculis blandit libero, condimentum dui consequat.                                <\/div>\n                                <div class=\"ft-testimonial-name headline position-relative\">\n                                    <span class=\"ft-testimonial-shape\"><\/span>\n                                    <h3>steve powers<\/h3>\n                                <\/div>\n                            <\/div>\n                        <\/div>\n                                                <div class=\"ft-item-innerbox\">\n                            <div class=\"ft-testimonial-item-innerbox\">\n                                                                <div class=\"ft-testimonial-item-img-wrapper position-relative\">\n                                    <div class=\"ft-testimonial-item-img\">\n                                        <img loading=\"lazy\" decoding=\"async\" width=\"70\" height=\"70\" src=\"https:\/\/guiatransportes.com\/web\/wp-content\/uploads\/2021\/10\/tst1.jpg\" class=\"attachment-fastrans_70x70 size-fastrans_70x70 wp-post-image\" alt=\"\" \/>                                    <\/div>\n                                    <div class=\"ft-testimonial-quote d-flex align-items-center justify-content-center position-absolute\">\n                                        <img decoding=\"async\" src=\"https:\/\/guiatransportes.com\/web\/wp-content\/themes\/fastrans\/assets\/images\/shape\/quote.png\" alt=\"\">\n                                    <\/div>\n                                <\/div>\n                                                                <div class=\"ft-testimonial-text-item text-center\">\n                                    Rhoncus odio, finibus molestie leo. Aliquam erat volutpat. Aenean mauris massa, accumsan gravida, tempor elit.                                <\/div>\n                                <div class=\"ft-testimonial-name headline position-relative\">\n                                    <span class=\"ft-testimonial-shape\"><\/span>\n                                    <h3>erin chang<\/h3>\n                                <\/div>\n                            <\/div>\n                        <\/div>\n                         \n                    <\/div>\n                <\/div>\n            <\/div>\n        <\/section>\t\t\t\t\n    \t<!-- End of Testimonial section\n        ============================================= -->\n        \n        \t\t\t\t<\/div>\n\t\t\t\t<\/div>\n\t\t\t\t\t<\/div>\n\t\t<\/div>\n\t\t\t\t\t<\/div>\n\t\t<\/section>\n\t\t<div class=\"elementor-element elementor-element-2997384 e-flex e-con-boxed e-con e-parent\" data-id=\"2997384\" data-element_type=\"container\">\n\t\t\t\t\t<div class=\"e-con-inner\">\n\t\t\t\t<div class=\"elementor-element elementor-element-99dcfbe elementor-widget elementor-widget-spacer\" data-id=\"99dcfbe\" data-element_type=\"widget\" data-widget_type=\"spacer.default\">\n\t\t\t\t<div class=\"elementor-widget-container\">\n\t\t\t\t\t\t\t<div class=\"elementor-spacer\">\n\t\t\t<div class=\"elementor-spacer-inner\"><\/div>\n\t\t<\/div>\n\t\t\t\t\t\t<\/div>\n\t\t\t\t<\/div>\n\t\t\t\t<div class=\"elementor-element elementor-element-2007fd5 elementor-widget elementor-widget-spacer\" data-id=\"2007fd5\" data-element_type=\"widget\" data-widget_type=\"spacer.default\">\n\t\t\t\t<div class=\"elementor-widget-container\">\n\t\t\t\t\t\t\t<div class=\"elementor-spacer\">\n\t\t\t<div class=\"elementor-spacer-inner\"><\/div>\n\t\t<\/div>\n\t\t\t\t\t\t<\/div>\n\t\t\t\t<\/div>\n\t\t\t\t\t<\/div>\n\t\t\t\t<\/div>\n\t\t\t\t<\/div>\n\t\t","protected":false},"excerpt":{"rendered":"<p>24+ A\u00f1os Experiencia en el sector del transporte de carga. Sobre nuestra compa\u00f1\u00eda Nuestra Historia Guiatransportes fue fundada en el a&ntilde;o 2000, por V&iacute;ctor Zu&ntilde;iga y Fernando Zu&ntilde;iga. Se ha dedicado a lo largo de los a&ntilde;os a ofrecer servicios de transporte, servicios de cargas consolidadas, servicio de almacenamiento, control de inventario; y distribuci&oacute;n de [&hellip;]<\/p>\n","protected":false},"author":1,"featured_media":0,"parent":0,"menu_order":0,"comment_status":"closed","ping_status":"closed","template":"","meta":{"footnotes":""},"class_list":["post-430","page","type-page","status-publish","hentry"],"_links":{"self":[{"href":"https:\/\/guiatransportes.com\/web\/wp-json\/wp\/v2\/pages\/430","targetHints":{"allow":["GET"]}}],"collection":[{"href":"https:\/\/guiatransportes.com\/web\/wp-json\/wp\/v2\/pages"}],"about":[{"href":"https:\/\/guiatransportes.com\/web\/wp-json\/wp\/v2\/types\/page"}],"author":[{"embeddable":true,"href":"https:\/\/guiatransportes.com\/web\/wp-json\/wp\/v2\/users\/1"}],"replies":[{"embeddable":true,"href":"https:\/\/guiatransportes.com\/web\/wp-json\/wp\/v2\/comments?post=430"}],"version-history":[{"count":82,"href":"https:\/\/guiatransportes.com\/web\/wp-json\/wp\/v2\/pages\/430\/revisions"}],"predecessor-version":[{"id":3652,"href":"https:\/\/guiatransportes.com\/web\/wp-json\/wp\/v2\/pages\/430\/revisions\/3652"}],"wp:attachment":[{"href":"https:\/\/guiatransportes.com\/web\/wp-json\/wp\/v2\/media?parent=430"}],"curies":[{"name":"wp","href":"https:\/\/api.w.org\/{rel}","templated":true}]}}