{"id":1876,"date":"2022-01-17T06:23:12","date_gmt":"2022-01-17T06:23:12","guid":{"rendered":"https:\/\/themexriver.com\/wp\/fastrans\/fastrans\/home-page-07-copy\/"},"modified":"2025-05-19T11:40:07","modified_gmt":"2025-05-19T16:40:07","slug":"mas-sobre-guiatransportes","status":"publish","type":"page","link":"https:\/\/guiatransportes.com\/web\/mas-sobre-guiatransportes\/","title":{"rendered":"M\u00c1S SOBRE GUIATRANSPORTES"},"content":{"rendered":"\t\t<div data-elementor-type=\"wp-page\" data-elementor-id=\"1876\" class=\"elementor elementor-1876\">\n\t\t\t\t\t\t<section class=\"elementor-section elementor-top-section elementor-element elementor-element-15050d47 elementor-section-full_width elementor-section-stretched elementor-section-height-default elementor-section-height-default\" data-id=\"15050d47\" data-element_type=\"section\" id=\"home\" data-settings=\"{&quot;stretch_section&quot;:&quot;section-stretched&quot;}\">\n\t\t\t\t\t\t<div class=\"elementor-container elementor-column-gap-no\">\n\t\t\t\t\t<div class=\"elementor-column elementor-col-100 elementor-top-column elementor-element elementor-element-4c865ccd\" data-id=\"4c865ccd\" data-element_type=\"column\">\n\t\t\t<div class=\"elementor-widget-wrap elementor-element-populated\">\n\t\t\t\t\t\t<div class=\"elementor-element elementor-element-3c54bdf9 elementor-widget elementor-widget-slider_revolution\" data-id=\"3c54bdf9\" data-element_type=\"widget\" data-widget_type=\"slider_revolution.default\">\n\t\t\t\t<div class=\"elementor-widget-container\">\n\t\t\t\t\t\n\t\t<div class=\"wp-block-themepunch-revslider\">\n\t\t\t\t<p class=\"rs-p-wp-fix\"><\/p>\n\t\t\t\t<sr7-module data-alias=\"slider-1\" data-id=\"4\" id=\"SR7_4_1\" class=\"rs-ov-hidden\" data-version=\"6.7.15\">\n\t\t\t\t\t<sr7-adjuster><\/sr7-adjuster>\n\t\t\t\t\t<sr7-content>\n\t\t\t\t\t\t<sr7-slide class=\"home-slider-bg-v7\" id=\"SR7_4_1-10\" data-key=\"10\">\n\t\t\t\t\t\t\t<sr7-bg id=\"SR7_4_1-10-12\" class=\"sr7-layer\"><noscript><img decoding=\"async\" src=\"https:\/\/guiatransportes.com\/web\/wp-content\/uploads\/revslider\/slider-1\/image-1.jpg\" alt=\"\" title=\"image-1.jpg\"><\/noscript><\/sr7-bg>\n\t\t\t\t\t\t\t<sr7-txt id=\"SR7_4_1-10-0\" class=\"sr7-layer\"><span style=\"color:#31b7bb\">sobre<br \/>\n <\/span>  <\/sr7-txt>\n\t\t\t\t\t\t\t<sr7-txt id=\"SR7_4_1-10-8\" class=\"sr7-layer\">Guiatransportes<\/sr7-txt>\n\t\t\t\t\t\t\t<sr7-txt id=\"SR7_4_1-10-9\" class=\"sr7-layer\">Conoce m\u00e1s <\/sr7-txt>\n\t\t\t\t\t\t\t<sr7-txt id=\"SR7_4_1-10-11\" class=\"sr7-layer\"><\/sr7-txt>\n\t\t\t\t\t\t<\/sr7-slide>\n\t\t\t\t\t\t<sr7-slide id=\"SR7_4_1-32\" data-key=\"32\">\n\t\t\t\t\t\t<\/sr7-slide>\n\t\t\t\t\t<\/sr7-content>\n\t\t\t\t\t<image_lists style=\"display:none\">\n\t\t\t\t\t\t<img data-src=\"\/\/guiatransportes.com\/web\/wp-content\/uploads\/revslider\/slider-1\/image-1.jpg\" data-libid=\"20\" data-lib=\"medialibrary\" title=\"image-1.jpg\" width=\"0\" height=\"0\" data-dbsrc=\"Ly9ndWlhdHJhbnNwb3J0ZXMuY29tL3dlYi93cC1jb250ZW50L3VwbG9hZHMvcmV2c2xpZGVyL3NsaWRlci0xL2ltYWdlLTEuanBn\"\/>\n\t\t\t\t\t<\/image_lists>\n\t\t\t\t<\/sr7-module>\n\t\t\t\t<script>\n\t\t\t\t\tSR7.PMH ??={}; SR7.PMH[\"SR7_4_1\"] = {cn:0,state:false,fn: function() { if (_tpt!==undefined && _tpt.prepareModuleHeight !== undefined) {  _tpt.prepareModuleHeight({id:\"SR7_4_1\",el:[900,900,767,699,449],type:'standard',shdw:'0',gh:[900,900,768,700,450],gw:[1200,1200,1024,778,480],vpt:['100px&#039;,&#039;100px&#039;,&#039;100px&#039;,&#039;100px&#039;,&#039;100px'],size:{fullWidth:false, fullHeight:false},mh:'0',onh:0,onw:0,bg:{color:'{\"orig\":\"transparent\",\"type\":\"solid\",\"string\":\"transparent\"}'}});   SR7.PMH[\"SR7_4_1\"].state=true;} else if((SR7.PMH[\"SR7_4_1\"].cn++)<100)\tsetTimeout( SR7.PMH[\"SR7_4_1\"].fn,19);}};SR7.PMH[\"SR7_4_1\" ].fn();\n\t\t\t\t<\/script>\n<\/div>\n\n\t\t\t\t\t\t<\/div>\n\t\t\t\t<\/div>\n\t\t\t\t\t<\/div>\n\t\t<\/div>\n\t\t\t\t\t<\/div>\n\t\t<\/section>\n\t\t<div class=\"elementor-element elementor-element-9318815 e-con-full e-flex e-con e-parent\" data-id=\"9318815\" data-element_type=\"container\">\n\t\t\t\t<div class=\"elementor-element elementor-element-f272938 elementor-widget elementor-widget-spacer\" data-id=\"f272938\" data-element_type=\"widget\" data-widget_type=\"spacer.default\">\n\t\t\t\t<div class=\"elementor-widget-container\">\n\t\t\t\t\t\t\t<div class=\"elementor-spacer\">\n\t\t\t<div class=\"elementor-spacer-inner\"><\/div>\n\t\t<\/div>\n\t\t\t\t\t\t<\/div>\n\t\t\t\t<\/div>\n\t\t\t\t<\/div>\n\t\t<div class=\"elementor-element elementor-element-debb449 e-con-full e-flex e-con e-parent\" data-id=\"debb449\" data-element_type=\"container\">\n\t\t<div class=\"elementor-element elementor-element-a4eb470 e-con-full e-flex e-con e-child\" data-id=\"a4eb470\" data-element_type=\"container\">\n\t\t\t\t<div class=\"elementor-element elementor-element-2a94bc3 elementor-widget elementor-widget-image\" data-id=\"2a94bc3\" data-element_type=\"widget\" data-widget_type=\"image.default\">\n\t\t\t\t<div class=\"elementor-widget-container\">\n\t\t\t\t\t\t\t\t\t\t\t\t\t\t\t<img fetchpriority=\"high\" decoding=\"async\" width=\"525\" height=\"350\" src=\"https:\/\/guiatransportes.com\/web\/wp-content\/uploads\/2024\/09\/guiatransportes-1-scaled-e1727456929155-1024x682.jpg\" class=\"attachment-large size-large wp-image-2833\" alt=\"\" srcset=\"https:\/\/guiatransportes.com\/web\/wp-content\/uploads\/2024\/09\/guiatransportes-1-scaled-e1727456929155-1024x682.jpg 1024w, https:\/\/guiatransportes.com\/web\/wp-content\/uploads\/2024\/09\/guiatransportes-1-scaled-e1727456929155-300x200.jpg 300w, https:\/\/guiatransportes.com\/web\/wp-content\/uploads\/2024\/09\/guiatransportes-1-scaled-e1727456929155-768x511.jpg 768w, https:\/\/guiatransportes.com\/web\/wp-content\/uploads\/2024\/09\/guiatransportes-1-scaled-e1727456929155-600x399.jpg 600w, https:\/\/guiatransportes.com\/web\/wp-content\/uploads\/2024\/09\/guiatransportes-1-scaled-e1727456929155.jpg 1199w\" sizes=\"(max-width: 525px) 100vw, 525px\" \/>\t\t\t\t\t\t\t\t\t\t\t\t\t\t\t<\/div>\n\t\t\t\t<\/div>\n\t\t\t\t<\/div>\n\t\t<div class=\"elementor-element elementor-element-94bd09d e-con-full e-flex e-con e-child\" data-id=\"94bd09d\" data-element_type=\"container\">\n\t\t\t\t<div class=\"elementor-element elementor-element-4100a40 elementor-widget elementor-widget-heading\" data-id=\"4100a40\" data-element_type=\"widget\" data-widget_type=\"heading.default\">\n\t\t\t\t<div class=\"elementor-widget-container\">\n\t\t\t\t\t<h2 class=\"elementor-heading-title elementor-size-default\">Misi\u00f3n<\/h2>\t\t\t\t<\/div>\n\t\t\t\t<\/div>\n\t\t\t\t<div class=\"elementor-element elementor-element-d9627ba elementor-widget elementor-widget-heading\" data-id=\"d9627ba\" data-element_type=\"widget\" data-widget_type=\"heading.default\">\n\t\t\t\t<div class=\"elementor-widget-container\">\n\t\t\t\t\t<h6 class=\"elementor-heading-title elementor-size-default\">Ir m\u00e1s all\u00e1 de la prestaci\u00f3n de un servicio de transporte de carga, ofreciendo soluciones log\u00edsticas que involucren a clientes y proveedores en nuestros procesos, contando con talento humano calificado y comprometido, con infraestructura, tanto f\u00edsica como de alta tecnolog\u00eda creando siempre alianzas estrat\u00e9gicas que garanticen la calidad, seguridad y cumplimiento.<\/h6>\t\t\t\t<\/div>\n\t\t\t\t<\/div>\n\t\t\t\t<\/div>\n\t\t\t\t<\/div>\n\t\t<div class=\"elementor-element elementor-element-ac014af e-con-full e-flex e-con e-parent\" data-id=\"ac014af\" data-element_type=\"container\">\n\t\t<div class=\"elementor-element elementor-element-9159660 e-con-full e-flex e-con e-child\" data-id=\"9159660\" data-element_type=\"container\">\n\t\t\t\t<div class=\"elementor-element elementor-element-e21ae3b elementor-widget elementor-widget-heading\" data-id=\"e21ae3b\" data-element_type=\"widget\" data-widget_type=\"heading.default\">\n\t\t\t\t<div class=\"elementor-widget-container\">\n\t\t\t\t\t<h2 class=\"elementor-heading-title elementor-size-default\">Visi\u00f3n<\/h2>\t\t\t\t<\/div>\n\t\t\t\t<\/div>\n\t\t\t\t<div class=\"elementor-element elementor-element-831dcbe elementor-widget elementor-widget-heading\" data-id=\"831dcbe\" data-element_type=\"widget\" data-widget_type=\"heading.default\">\n\t\t\t\t<div class=\"elementor-widget-container\">\n\t\t\t\t\t<h6 class=\"elementor-heading-title elementor-size-default\">Posicionar y consolidar nuestra organizaci\u00f3n en un lapso de tiempo m\u00e1ximo de 10 a\u00f1os en el sector, transporte de cargas a nivel nacional, excediendo las expectativas y necesidades de nuestros clientes, proveedores y talento humano en servicio, seguridad y calidad, de una forma \u00edntegra y eficaz, para el desarrollo y crecimiento econ\u00f3mico de nuestro pa\u00eds.<\/h6>\t\t\t\t<\/div>\n\t\t\t\t<\/div>\n\t\t\t\t<\/div>\n\t\t<div class=\"elementor-element elementor-element-0f0f38d e-con-full e-flex e-con e-child\" data-id=\"0f0f38d\" data-element_type=\"container\">\n\t\t\t\t<div class=\"elementor-element elementor-element-abc3484 elementor-widget elementor-widget-image\" data-id=\"abc3484\" data-element_type=\"widget\" data-widget_type=\"image.default\">\n\t\t\t\t<div class=\"elementor-widget-container\">\n\t\t\t\t\t\t\t\t\t\t\t\t\t\t\t<img decoding=\"async\" width=\"525\" height=\"350\" src=\"https:\/\/guiatransportes.com\/web\/wp-content\/uploads\/2024\/09\/guiatransportes-4-1024x682.jpg\" class=\"attachment-large size-large wp-image-2837\" alt=\"\" srcset=\"https:\/\/guiatransportes.com\/web\/wp-content\/uploads\/2024\/09\/guiatransportes-4-1024x682.jpg 1024w, https:\/\/guiatransportes.com\/web\/wp-content\/uploads\/2024\/09\/guiatransportes-4-300x200.jpg 300w, https:\/\/guiatransportes.com\/web\/wp-content\/uploads\/2024\/09\/guiatransportes-4-768x512.jpg 768w, https:\/\/guiatransportes.com\/web\/wp-content\/uploads\/2024\/09\/guiatransportes-4-600x400.jpg 600w, https:\/\/guiatransportes.com\/web\/wp-content\/uploads\/2024\/09\/guiatransportes-4-e1727456978511.jpg 1200w\" sizes=\"(max-width: 525px) 100vw, 525px\" \/>\t\t\t\t\t\t\t\t\t\t\t\t\t\t\t<\/div>\n\t\t\t\t<\/div>\n\t\t\t\t<\/div>\n\t\t\t\t<\/div>\n\t\t<div class=\"elementor-element elementor-element-8ed744a e-flex e-con-boxed e-con e-parent\" data-id=\"8ed744a\" data-element_type=\"container\">\n\t\t\t\t\t<div class=\"e-con-inner\">\n\t\t<div class=\"elementor-element elementor-element-8597db0 e-con-full e-flex e-con e-child\" data-id=\"8597db0\" data-element_type=\"container\">\n\t\t\t\t<div class=\"elementor-element elementor-element-7a6565b elementor-widget elementor-widget-spacer\" data-id=\"7a6565b\" data-element_type=\"widget\" data-widget_type=\"spacer.default\">\n\t\t\t\t<div class=\"elementor-widget-container\">\n\t\t\t\t\t\t\t<div class=\"elementor-spacer\">\n\t\t\t<div class=\"elementor-spacer-inner\"><\/div>\n\t\t<\/div>\n\t\t\t\t\t\t<\/div>\n\t\t\t\t<\/div>\n\t\t\t\t<\/div>\n\t\t\t\t\t<\/div>\n\t\t\t\t<\/div>\n\t\t\t\t<section class=\"elementor-section elementor-top-section elementor-element elementor-element-4f3937db elementor-section-full_width elementor-section-height-default elementor-section-height-default\" data-id=\"4f3937db\" data-element_type=\"section\">\n\t\t\t\t\t\t<div class=\"elementor-container elementor-column-gap-no\">\n\t\t\t\t\t<div class=\"elementor-column elementor-col-100 elementor-top-column elementor-element elementor-element-2757b167\" data-id=\"2757b167\" data-element_type=\"column\">\n\t\t\t<div class=\"elementor-widget-wrap elementor-element-populated\">\n\t\t\t\t\t\t<div class=\"elementor-element elementor-element-549d4a3e elementor-widget elementor-widget-fastrans_logistic_testimonials\" data-id=\"549d4a3e\" data-element_type=\"widget\" data-widget_type=\"fastrans_logistic_testimonials.default\">\n\t\t\t\t<div class=\"elementor-widget-container\">\n\t\t\t\t\t\t\t\r\n        <!-- Start of Testimonial section\r\n        ============================================= -->\r\n        <section id=\"tl-thx-testimonial\" class=\"tl-thx-testimonial-section\" data-background=\"https:\/\/guiatransportes.com\/web\/wp-content\/uploads\/2025\/05\/Nuestros-Valores-2-scaled.jpg\">\r\n            <div class=\"container\">\r\n                <div class=\"tl-thx-testimonial-content position-relative\">\r\n                    <span class=\"testimonial-shape1 position-absolute\"><img decoding=\"async\" src=\"https:\/\/guiatransportes.com\/web\/wp-content\/uploads\/2025\/05\/Nuestros-Valores-2-scaled.jpg\"><\/span>\r\n                    <div class=\"tl-thx-section-title headline pera-content text-center\">\r\n                        <h2><i><\/i>Nuestros Valores<\/h2>\r\n                    <\/div>\r\n                    <div class=\"tl-thx-testimonial-slider\">\r\n                                                <div class=\"tl-thx-testimonial-item pera-content text-center headline\">\r\n                            <div class=\"tl-thx-testimonial-item-wrap\">\r\n                                <p>\r\n                                    Es un valor empresarial que nos permite diferenciarnos de la competencia y aumenta la confianza que es entregada por nuestros clientes. Adem\u00e1s, nos ayuda a trabajar con mayor efectividad y mejora nuestra toma de decisiones.                                 <\/p>\r\n                                <div class=\"tl-thx-testimonial-author\">\r\n                                    <h3>Calidad<\/h3>\r\n                                    <span><\/span>\r\n                                <\/div>\r\n                            <\/div>\r\n                        <\/div>\r\n                                                <div class=\"tl-thx-testimonial-item pera-content text-center headline\">\r\n                            <div class=\"tl-thx-testimonial-item-wrap\">\r\n                                <p>\r\n                                    Nuestros clientes son lo que mueve a Guiatransportes, por esta raz\u00f3n satisfacemos sus necesidades y garantizamos su lealtad, a partir de nuestra transparencia y excelente servicio.\n                                <\/p>\r\n                                <div class=\"tl-thx-testimonial-author\">\r\n                                    <h3>Orientaci\u00f3n al cliente<\/h3>\r\n                                    <span><\/span>\r\n                                <\/div>\r\n                            <\/div>\r\n                        <\/div>\r\n                                                <div class=\"tl-thx-testimonial-item pera-content text-center headline\">\r\n                            <div class=\"tl-thx-testimonial-item-wrap\">\r\n                                <p>\r\n                                    Apreciamos las cualidades y diferencias que hay en nuestros empleados. Confiamos entre s\u00ed para hacer una excelente labor, comunicar nuestras ideas y aumentar nuestras fortalezas; lo que nos permite adquirir un sentido de pertenencia al interior del equipo.\n                                <\/p>\r\n                                <div class=\"tl-thx-testimonial-author\">\r\n                                    <h3>Trabajo en equipo<\/h3>\r\n                                    <span><\/span>\r\n                                <\/div>\r\n                            <\/div>\r\n                        <\/div>\r\n                                                <div class=\"tl-thx-testimonial-item pera-content text-center headline\">\r\n                            <div class=\"tl-thx-testimonial-item-wrap\">\r\n                                <p>\r\n                                    Hace que destaquemos entre otras empresas que se dedican al sector\ntransporte, lo que nos permite fidelizar a nuestros clientes.                                <\/p>\r\n                                <div class=\"tl-thx-testimonial-author\">\r\n                                    <h3>Competitividad<\/h3>\r\n                                    <span><\/span>\r\n                                <\/div>\r\n                            <\/div>\r\n                        <\/div>\r\n                                                <div class=\"tl-thx-testimonial-item pera-content text-center headline\">\r\n                            <div class=\"tl-thx-testimonial-item-wrap\">\r\n                                <p>\r\n                                    La pasi\u00f3n es contagiosa; cuando un empleado se siente feliz con su trabajo\no labor, contagia a los dem\u00e1s de esta misma emoci\u00f3n y energ\u00eda.                                 <\/p>\r\n                                <div class=\"tl-thx-testimonial-author\">\r\n                                    <h3>Pasi\u00f3n<\/h3>\r\n                                    <span><\/span>\r\n                                <\/div>\r\n                            <\/div>\r\n                        <\/div>\r\n                                                <div class=\"tl-thx-testimonial-item pera-content text-center headline\">\r\n                            <div class=\"tl-thx-testimonial-item-wrap\">\r\n                                <p>\r\n                                    Hace parte del desempe\u00f1o de nuestra labor y llena nuestra empresa de car\u00e1cter, eficacia y orden.                                <\/p>\r\n                                <div class=\"tl-thx-testimonial-author\">\r\n                                    <h3>Puntualidad<\/h3>\r\n                                    <span><\/span>\r\n                                <\/div>\r\n                            <\/div>\r\n                        <\/div>\r\n                                                <div class=\"tl-thx-testimonial-item pera-content text-center headline\">\r\n                            <div class=\"tl-thx-testimonial-item-wrap\">\r\n                                <p>\r\n                                    Nos preocupamos por el futuro de nuestro planeta y por ello cuidamos de\n\u00e9l.                                <\/p>\r\n                                <div class=\"tl-thx-testimonial-author\">\r\n                                    <h3>Responsabilidad social<\/h3>\r\n                                    <span><\/span>\r\n                                <\/div>\r\n                            <\/div>\r\n                        <\/div>\r\n                                            <\/div>\r\n                    <div class=\"carousel_nav  clearfix\">\r\n                        <button type=\"button\" class=\"testi-left_arrow\"><i class=\"far fa-long-arrow-left\"><\/i><\/button>\r\n                        <button type=\"button\" class=\"testi-right_arrow\"><i class=\"far fa-long-arrow-right\"><\/i><\/button>\r\n                    <\/div>\r\n                <\/div>\r\n            <\/div>\r\n        <\/section>\r\n    <!-- End of Testimonial section\r\n        ============================================= -->\r\n        \r\n        \t\t\t\t<\/div>\n\t\t\t\t<\/div>\n\t\t\t\t\t<\/div>\n\t\t<\/div>\n\t\t\t\t\t<\/div>\n\t\t<\/section>\n\t\t<div class=\"elementor-element elementor-element-74fe1a4 e-con-full e-flex e-con e-parent\" data-id=\"74fe1a4\" data-element_type=\"container\">\n\t\t\t\t<div class=\"elementor-element elementor-element-07203ea elementor-widget elementor-widget-spacer\" data-id=\"07203ea\" data-element_type=\"widget\" data-widget_type=\"spacer.default\">\n\t\t\t\t<div class=\"elementor-widget-container\">\n\t\t\t\t\t\t\t<div class=\"elementor-spacer\">\n\t\t\t<div class=\"elementor-spacer-inner\"><\/div>\n\t\t<\/div>\n\t\t\t\t\t\t<\/div>\n\t\t\t\t<\/div>\n\t\t\t\t<div class=\"elementor-element elementor-element-56852c0 elementor-widget elementor-widget-spacer\" data-id=\"56852c0\" data-element_type=\"widget\" data-widget_type=\"spacer.default\">\n\t\t\t\t<div class=\"elementor-widget-container\">\n\t\t\t\t\t\t\t<div class=\"elementor-spacer\">\n\t\t\t<div class=\"elementor-spacer-inner\"><\/div>\n\t\t<\/div>\n\t\t\t\t\t\t<\/div>\n\t\t\t\t<\/div>\n\t\t\t\t<div class=\"elementor-element elementor-element-6130510 elementor-widget elementor-widget-spacer\" data-id=\"6130510\" data-element_type=\"widget\" data-widget_type=\"spacer.default\">\n\t\t\t\t<div class=\"elementor-widget-container\">\n\t\t\t\t\t\t\t<div class=\"elementor-spacer\">\n\t\t\t<div class=\"elementor-spacer-inner\"><\/div>\n\t\t<\/div>\n\t\t\t\t\t\t<\/div>\n\t\t\t\t<\/div>\n\t\t\t\t<\/div>\n\t\t\t\t<\/div>\n\t\t","protected":false},"excerpt":{"rendered":"<p>Misi\u00f3n Ir m\u00e1s all\u00e1 de la prestaci\u00f3n de un servicio de transporte de carga, ofreciendo soluciones log\u00edsticas que involucren a clientes y proveedores en nuestros procesos, contando con talento humano calificado y comprometido, con infraestructura, tanto f\u00edsica como de alta tecnolog\u00eda creando siempre alianzas estrat\u00e9gicas que garanticen la calidad, seguridad y cumplimiento. Visi\u00f3n Posicionar y [&hellip;]<\/p>\n","protected":false},"author":1,"featured_media":0,"parent":0,"menu_order":0,"comment_status":"closed","ping_status":"closed","template":"elementor_header_footer","meta":{"footnotes":""},"class_list":["post-1876","page","type-page","status-publish","hentry"],"_links":{"self":[{"href":"https:\/\/guiatransportes.com\/web\/wp-json\/wp\/v2\/pages\/1876","targetHints":{"allow":["GET"]}}],"collection":[{"href":"https:\/\/guiatransportes.com\/web\/wp-json\/wp\/v2\/pages"}],"about":[{"href":"https:\/\/guiatransportes.com\/web\/wp-json\/wp\/v2\/types\/page"}],"author":[{"embeddable":true,"href":"https:\/\/guiatransportes.com\/web\/wp-json\/wp\/v2\/users\/1"}],"replies":[{"embeddable":true,"href":"https:\/\/guiatransportes.com\/web\/wp-json\/wp\/v2\/comments?post=1876"}],"version-history":[{"count":135,"href":"https:\/\/guiatransportes.com\/web\/wp-json\/wp\/v2\/pages\/1876\/revisions"}],"predecessor-version":[{"id":3638,"href":"https:\/\/guiatransportes.com\/web\/wp-json\/wp\/v2\/pages\/1876\/revisions\/3638"}],"wp:attachment":[{"href":"https:\/\/guiatransportes.com\/web\/wp-json\/wp\/v2\/media?parent=1876"}],"curies":[{"name":"wp","href":"https:\/\/api.w.org\/{rel}","templated":true}]}}